{"id":3877,"date":"2020-03-04T14:56:32","date_gmt":"2020-03-04T13:56:32","guid":{"rendered":"http:\/\/dianna-david.mailbox-marketing6.be\/?page_id=3877"},"modified":"2025-01-13T13:15:24","modified_gmt":"2025-01-13T12:15:24","slug":"winkel-meise","status":"publish","type":"page","link":"https:\/\/www.diannadavid.com\/fr\/boutique-meise\/","title":{"rendered":"Boutique Meise"},"content":{"rendered":"<div data-elementor-type=\"wp-page\" data-elementor-id=\"3877\" class=\"elementor elementor-3877\" data-elementor-post-type=\"page\">\n\t\t\t\t<div class=\"elementor-element elementor-element-7a59d4a e-flex e-con-boxed e-con e-parent\" data-id=\"7a59d4a\" data-element_type=\"container\" data-e-type=\"container\">\n\t\t\t\t\t<div class=\"e-con-inner\">\n\t\t\t\t<div class=\"elementor-element elementor-element-a6f0c9e titel2 elementor-widget elementor-widget-heading\" data-id=\"a6f0c9e\" data-element_type=\"widget\" data-e-type=\"widget\" data-widget_type=\"heading.default\">\n\t\t\t\t<div class=\"elementor-widget-container\">\n\t\t\t\t\t<h1 class=\"elementor-heading-title elementor-size-default\">Dianna David \u00e0 Meise<\/h1>\t\t\t\t<\/div>\n\t\t\t\t<\/div>\n\t\t\t\t<div class=\"elementor-element elementor-element-7d71dc1 elementor-widget elementor-widget-heading\" data-id=\"7d71dc1\" data-element_type=\"widget\" data-e-type=\"widget\" data-widget_type=\"heading.default\">\n\t\t\t\t<div class=\"elementor-widget-container\">\n\t\t\t\t\t<h2 class=\"elementor-heading-title elementor-size-default\">Toutes les bonnes choses sont compos\u00e9es de 3<\/h2>\t\t\t\t<\/div>\n\t\t\t\t<\/div>\n\t\t\t\t<div class=\"elementor-element elementor-element-ddf09df elementor-widget__width-initial elementor-widget elementor-widget-text-editor\" data-id=\"ddf09df\" data-element_type=\"widget\" data-e-type=\"widget\" data-widget_type=\"text-editor.default\">\n\t\t\t\t<div class=\"elementor-widget-container\">\n\t\t\t\t\t\t\t\t\t<p>Il en va de m\u00eame chez Dianna David. Dans le magasin de mariage de Meise, vous trouverez non seulement <a href=\"https:\/\/www.diannadavid.com\/fr\/robes-de-mariee\/\">robes de mari\u00e9e<\/a>, <a href=\"https:\/\/www.diannadavid.com\/fr\/vetements-de-suite\/\">v\u00eatements de suite<\/a> et <a href=\"https:\/\/www.diannadavid.com\/fr\/dd-chic\/\">v\u00eatements pour femmes<\/a>Mais nous passons \u00e9galement par trois \u00e9tapes pour trouver la tenue id\u00e9ale.<br \/>\u2014<br \/><strong>1. \u00c9couter<\/strong><br \/>Dites-nous ce que vous voulez et quel est votre budget.<br \/><strong>2. Choisir<\/strong><br \/>Choisissez votre tenue en fonction de la forme, du tissu et de la couleur.<br \/><strong>3. Finition<\/strong><br \/>Personnalisez votre robe de mari\u00e9e, de gala ou de ville avec quelques accessoires.<\/p><p>Humez l'atmosph\u00e8re de notre magasin ci-dessous ou prenez un rendez-vous imm\u00e9diat. <a href=\"https:\/\/www.diannadavid.com\/fr\/contact\/\">un rendez-vous<\/a> et de vous laisser aller \u00e0 un essayage d\u00e9tendu pour trouver la tenue de f\u00eate id\u00e9ale.<\/p>\t\t\t\t\t\t\t\t<\/div>\n\t\t\t\t<\/div>\n\t\t\t\t<div class=\"elementor-element elementor-element-d66212e elementor-widget elementor-widget-gallery\" data-id=\"d66212e\" data-element_type=\"widget\" data-e-type=\"widget\" data-settings=\"{&quot;gap&quot;:{&quot;unit&quot;:&quot;px&quot;,&quot;size&quot;:30,&quot;sizes&quot;:[]},&quot;gallery_layout&quot;:&quot;masonry&quot;,&quot;columns_mobile&quot;:2,&quot;lazyload&quot;:&quot;yes&quot;,&quot;columns&quot;:4,&quot;columns_tablet&quot;:2,&quot;gap_tablet&quot;:{&quot;unit&quot;:&quot;px&quot;,&quot;size&quot;:10,&quot;sizes&quot;:[]},&quot;gap_mobile&quot;:{&quot;unit&quot;:&quot;px&quot;,&quot;size&quot;:10,&quot;sizes&quot;:[]},&quot;link_to&quot;:&quot;file&quot;,&quot;overlay_background&quot;:&quot;yes&quot;,&quot;content_hover_animation&quot;:&quot;fade-in&quot;}\" data-widget_type=\"gallery.default\">\n\t\t\t\t<div class=\"elementor-widget-container\">\n\t\t\t\t\t\t\t<div class=\"elementor-gallery__container\">\n\t\t\t\t\t\t\t<a class=\"e-gallery-item elementor-gallery-item elementor-animated-content\" href=\"https:\/\/www.diannadavid.com\/wp-content\/uploads\/2020\/03\/Showroom-DD-280.jpg\">\n\t\t\t\t\t<div class=\"e-gallery-image elementor-gallery-item__image\" data-thumbnail=\"https:\/\/www.diannadavid.com\/wp-content\/uploads\/2020\/03\/Showroom-DD-280.jpg\" data-width=\"1200\" data-height=\"1800\" aria-label=\"Dianna David Meise\" role=\"img\" ><\/div>\n\t\t\t\t\t\t\t\t\t\t\t<div class=\"elementor-gallery-item__overlay\"><\/div>\n\t\t\t\t\t\t\t\t\t\t\t\t\t\t<\/a>\n\t\t\t\t\t\t\t<a class=\"e-gallery-item elementor-gallery-item elementor-animated-content\" href=\"https:\/\/www.diannadavid.com\/wp-content\/uploads\/2020\/03\/showroom_DD-294.jpg\">\n\t\t\t\t\t<div class=\"e-gallery-image elementor-gallery-item__image\" data-thumbnail=\"https:\/\/www.diannadavid.com\/wp-content\/uploads\/2020\/03\/showroom_DD-294.jpg\" data-width=\"1800\" data-height=\"1200\" aria-label=\"Dianna David Meise\" role=\"img\" ><\/div>\n\t\t\t\t\t\t\t\t\t\t\t<div class=\"elementor-gallery-item__overlay\"><\/div>\n\t\t\t\t\t\t\t\t\t\t\t\t\t\t<\/a>\n\t\t\t\t\t\t\t<a class=\"e-gallery-item elementor-gallery-item elementor-animated-content\" href=\"https:\/\/www.diannadavid.com\/wp-content\/uploads\/2020\/03\/showroom_DD-290.jpg\">\n\t\t\t\t\t<div class=\"e-gallery-image elementor-gallery-item__image\" data-thumbnail=\"https:\/\/www.diannadavid.com\/wp-content\/uploads\/2020\/03\/showroom_DD-290.jpg\" data-width=\"1800\" data-height=\"1200\" aria-label=\"Dianna David Meise\" role=\"img\" ><\/div>\n\t\t\t\t\t\t\t\t\t\t\t<div class=\"elementor-gallery-item__overlay\"><\/div>\n\t\t\t\t\t\t\t\t\t\t\t\t\t\t<\/a>\n\t\t\t\t\t\t\t<a class=\"e-gallery-item elementor-gallery-item elementor-animated-content\" href=\"https:\/\/www.diannadavid.com\/wp-content\/uploads\/2020\/03\/showroom_DD-267.jpg\">\n\t\t\t\t\t<div class=\"e-gallery-image elementor-gallery-item__image\" data-thumbnail=\"https:\/\/www.diannadavid.com\/wp-content\/uploads\/2020\/03\/showroom_DD-267.jpg\" data-width=\"1800\" data-height=\"1200\" aria-label=\"Dianna David Meise\" role=\"img\" ><\/div>\n\t\t\t\t\t\t\t\t\t\t\t<div class=\"elementor-gallery-item__overlay\"><\/div>\n\t\t\t\t\t\t\t\t\t\t\t\t\t\t<\/a>\n\t\t\t\t\t\t\t<a class=\"e-gallery-item elementor-gallery-item elementor-animated-content\" href=\"https:\/\/www.diannadavid.com\/wp-content\/uploads\/2020\/03\/showroom_DD-174.jpg\">\n\t\t\t\t\t<div class=\"e-gallery-image elementor-gallery-item__image\" data-thumbnail=\"https:\/\/www.diannadavid.com\/wp-content\/uploads\/2020\/03\/showroom_DD-174.jpg\" data-width=\"1800\" data-height=\"1200\" aria-label=\"Dianna David Meise\" role=\"img\" ><\/div>\n\t\t\t\t\t\t\t\t\t\t\t<div class=\"elementor-gallery-item__overlay\"><\/div>\n\t\t\t\t\t\t\t\t\t\t\t\t\t\t<\/a>\n\t\t\t\t\t\t\t<a class=\"e-gallery-item elementor-gallery-item elementor-animated-content\" href=\"https:\/\/www.diannadavid.com\/wp-content\/uploads\/2020\/03\/showroom_DD-261.jpg\">\n\t\t\t\t\t<div class=\"e-gallery-image elementor-gallery-item__image\" data-thumbnail=\"https:\/\/www.diannadavid.com\/wp-content\/uploads\/2020\/03\/showroom_DD-261.jpg\" data-width=\"1800\" data-height=\"1200\" aria-label=\"Dianna David Meise\" role=\"img\" ><\/div>\n\t\t\t\t\t\t\t\t\t\t\t<div class=\"elementor-gallery-item__overlay\"><\/div>\n\t\t\t\t\t\t\t\t\t\t\t\t\t\t<\/a>\n\t\t\t\t\t\t\t<a class=\"e-gallery-item elementor-gallery-item elementor-animated-content\" href=\"https:\/\/www.diannadavid.com\/wp-content\/uploads\/2020\/03\/showroom_DD-216.jpg\">\n\t\t\t\t\t<div class=\"e-gallery-image elementor-gallery-item__image\" data-thumbnail=\"https:\/\/www.diannadavid.com\/wp-content\/uploads\/2020\/03\/showroom_DD-216.jpg\" data-width=\"1200\" data-height=\"1800\" aria-label=\"Dianna David Meise\" role=\"img\" ><\/div>\n\t\t\t\t\t\t\t\t\t\t\t<div class=\"elementor-gallery-item__overlay\"><\/div>\n\t\t\t\t\t\t\t\t\t\t\t\t\t\t<\/a>\n\t\t\t\t\t\t\t<a class=\"e-gallery-item elementor-gallery-item elementor-animated-content\" href=\"https:\/\/www.diannadavid.com\/wp-content\/uploads\/2020\/03\/showroom_DD-187.jpg\">\n\t\t\t\t\t<div class=\"e-gallery-image elementor-gallery-item__image\" data-thumbnail=\"https:\/\/www.diannadavid.com\/wp-content\/uploads\/2020\/03\/showroom_DD-187.jpg\" data-width=\"1200\" data-height=\"1800\" aria-label=\"Dianna David Meise\" role=\"img\" ><\/div>\n\t\t\t\t\t\t\t\t\t\t\t<div class=\"elementor-gallery-item__overlay\"><\/div>\n\t\t\t\t\t\t\t\t\t\t\t\t\t\t<\/a>\n\t\t\t\t\t\t\t<a class=\"e-gallery-item elementor-gallery-item elementor-animated-content\" href=\"https:\/\/www.diannadavid.com\/wp-content\/uploads\/2020\/03\/showroom_DD-101.jpg\">\n\t\t\t\t\t<div class=\"e-gallery-image elementor-gallery-item__image\" data-thumbnail=\"https:\/\/www.diannadavid.com\/wp-content\/uploads\/2020\/03\/showroom_DD-101.jpg\" data-width=\"1800\" data-height=\"1200\" aria-label=\"Dianna David Meise\" role=\"img\" ><\/div>\n\t\t\t\t\t\t\t\t\t\t\t<div class=\"elementor-gallery-item__overlay\"><\/div>\n\t\t\t\t\t\t\t\t\t\t\t\t\t\t<\/a>\n\t\t\t\t\t\t\t<a class=\"e-gallery-item elementor-gallery-item elementor-animated-content\" href=\"https:\/\/www.diannadavid.com\/wp-content\/uploads\/2020\/03\/showroom_DD-180.jpg\">\n\t\t\t\t\t<div class=\"e-gallery-image elementor-gallery-item__image\" data-thumbnail=\"https:\/\/www.diannadavid.com\/wp-content\/uploads\/2020\/03\/showroom_DD-180.jpg\" data-width=\"1200\" data-height=\"1800\" aria-label=\"Dianna David Meise\" role=\"img\" ><\/div>\n\t\t\t\t\t\t\t\t\t\t\t<div class=\"elementor-gallery-item__overlay\"><\/div>\n\t\t\t\t\t\t\t\t\t\t\t\t\t\t<\/a>\n\t\t\t\t\t\t\t<a class=\"e-gallery-item elementor-gallery-item elementor-animated-content\" href=\"https:\/\/www.diannadavid.com\/wp-content\/uploads\/2020\/03\/showroom_DD-89.jpg\">\n\t\t\t\t\t<div class=\"e-gallery-image elementor-gallery-item__image\" data-thumbnail=\"https:\/\/www.diannadavid.com\/wp-content\/uploads\/2020\/03\/showroom_DD-89.jpg\" data-width=\"1200\" data-height=\"1800\" aria-label=\"Dianna David Meise\" role=\"img\" ><\/div>\n\t\t\t\t\t\t\t\t\t\t\t<div class=\"elementor-gallery-item__overlay\"><\/div>\n\t\t\t\t\t\t\t\t\t\t\t\t\t\t<\/a>\n\t\t\t\t\t\t\t<a class=\"e-gallery-item elementor-gallery-item elementor-animated-content\" href=\"https:\/\/www.diannadavid.com\/wp-content\/uploads\/2020\/03\/showroom_DD-44.jpg\">\n\t\t\t\t\t<div class=\"e-gallery-image elementor-gallery-item__image\" data-thumbnail=\"https:\/\/www.diannadavid.com\/wp-content\/uploads\/2020\/03\/showroom_DD-44.jpg\" data-width=\"1800\" data-height=\"1200\" aria-label=\"Dianna David Meise\" role=\"img\" ><\/div>\n\t\t\t\t\t\t\t\t\t\t\t<div class=\"elementor-gallery-item__overlay\"><\/div>\n\t\t\t\t\t\t\t\t\t\t\t\t\t\t<\/a>\n\t\t\t\t\t\t\t<a class=\"e-gallery-item elementor-gallery-item elementor-animated-content\" href=\"https:\/\/www.diannadavid.com\/wp-content\/uploads\/2020\/03\/showroom_DD-51.jpg\">\n\t\t\t\t\t<div class=\"e-gallery-image elementor-gallery-item__image\" data-thumbnail=\"https:\/\/www.diannadavid.com\/wp-content\/uploads\/2020\/03\/showroom_DD-51.jpg\" data-width=\"1800\" data-height=\"1200\" aria-label=\"Dianna David Meise\" role=\"img\" ><\/div>\n\t\t\t\t\t\t\t\t\t\t\t<div class=\"elementor-gallery-item__overlay\"><\/div>\n\t\t\t\t\t\t\t\t\t\t\t\t\t\t<\/a>\n\t\t\t\t\t\t\t<a class=\"e-gallery-item elementor-gallery-item elementor-animated-content\" href=\"https:\/\/www.diannadavid.com\/wp-content\/uploads\/2020\/03\/showroom_DD-86.jpg\">\n\t\t\t\t\t<div class=\"e-gallery-image elementor-gallery-item__image\" data-thumbnail=\"https:\/\/www.diannadavid.com\/wp-content\/uploads\/2020\/03\/showroom_DD-86.jpg\" data-width=\"1200\" data-height=\"1800\" aria-label=\"Dianna David Meise\" role=\"img\" ><\/div>\n\t\t\t\t\t\t\t\t\t\t\t<div class=\"elementor-gallery-item__overlay\"><\/div>\n\t\t\t\t\t\t\t\t\t\t\t\t\t\t<\/a>\n\t\t\t\t\t\t\t<a class=\"e-gallery-item elementor-gallery-item elementor-animated-content\" href=\"https:\/\/www.diannadavid.com\/wp-content\/uploads\/2020\/03\/showroom_DD-60.jpg\">\n\t\t\t\t\t<div class=\"e-gallery-image elementor-gallery-item__image\" data-thumbnail=\"https:\/\/www.diannadavid.com\/wp-content\/uploads\/2020\/03\/showroom_DD-60.jpg\" data-width=\"1800\" data-height=\"1200\" aria-label=\"Dianna David Meise\" role=\"img\" ><\/div>\n\t\t\t\t\t\t\t\t\t\t\t<div class=\"elementor-gallery-item__overlay\"><\/div>\n\t\t\t\t\t\t\t\t\t\t\t\t\t\t<\/a>\n\t\t\t\t\t\t\t<a class=\"e-gallery-item elementor-gallery-item elementor-animated-content\" href=\"https:\/\/www.diannadavid.com\/wp-content\/uploads\/2020\/03\/showroom_DD-116.jpg\">\n\t\t\t\t\t<div class=\"e-gallery-image elementor-gallery-item__image\" data-thumbnail=\"https:\/\/www.diannadavid.com\/wp-content\/uploads\/2020\/03\/showroom_DD-116.jpg\" data-width=\"1200\" data-height=\"1800\" aria-label=\"Dianna David Meise\" role=\"img\" ><\/div>\n\t\t\t\t\t\t\t\t\t\t\t<div class=\"elementor-gallery-item__overlay\"><\/div>\n\t\t\t\t\t\t\t\t\t\t\t\t\t\t<\/a>\n\t\t\t\t\t\t\t<a class=\"e-gallery-item elementor-gallery-item elementor-animated-content\" href=\"https:\/\/www.diannadavid.com\/wp-content\/uploads\/2020\/03\/showroom_DD-62.jpg\">\n\t\t\t\t\t<div class=\"e-gallery-image elementor-gallery-item__image\" data-thumbnail=\"https:\/\/www.diannadavid.com\/wp-content\/uploads\/2020\/03\/showroom_DD-62.jpg\" data-width=\"1800\" data-height=\"1200\" aria-label=\"Dianna David Meise\" role=\"img\" ><\/div>\n\t\t\t\t\t\t\t\t\t\t\t<div class=\"elementor-gallery-item__overlay\"><\/div>\n\t\t\t\t\t\t\t\t\t\t\t\t\t\t<\/a>\n\t\t\t\t\t\t\t<a class=\"e-gallery-item elementor-gallery-item elementor-animated-content\" href=\"https:\/\/www.diannadavid.com\/wp-content\/uploads\/2020\/03\/showroom_DD-15.jpg\">\n\t\t\t\t\t<div class=\"e-gallery-image elementor-gallery-item__image\" data-thumbnail=\"https:\/\/www.diannadavid.com\/wp-content\/uploads\/2020\/03\/showroom_DD-15.jpg\" data-width=\"1800\" data-height=\"1200\" aria-label=\"Dianna David Meise\" role=\"img\" ><\/div>\n\t\t\t\t\t\t\t\t\t\t\t<div class=\"elementor-gallery-item__overlay\"><\/div>\n\t\t\t\t\t\t\t\t\t\t\t\t\t\t<\/a>\n\t\t\t\t\t\t\t<a class=\"e-gallery-item elementor-gallery-item elementor-animated-content\" href=\"https:\/\/www.diannadavid.com\/wp-content\/uploads\/2020\/03\/showroom_DD-10ok.jpg\">\n\t\t\t\t\t<div class=\"e-gallery-image elementor-gallery-item__image\" data-thumbnail=\"https:\/\/www.diannadavid.com\/wp-content\/uploads\/2020\/03\/showroom_DD-10ok.jpg\" data-width=\"1800\" data-height=\"1200\" aria-label=\"Dianna David Meise\" role=\"img\" ><\/div>\n\t\t\t\t\t\t\t\t\t\t\t<div class=\"elementor-gallery-item__overlay\"><\/div>\n\t\t\t\t\t\t\t\t\t\t\t\t\t\t<\/a>\n\t\t\t\t\t\t\t<a class=\"e-gallery-item elementor-gallery-item elementor-animated-content\" href=\"https:\/\/www.diannadavid.com\/wp-content\/uploads\/2020\/03\/showroom_DD-79.jpg\">\n\t\t\t\t\t<div class=\"e-gallery-image elementor-gallery-item__image\" data-thumbnail=\"https:\/\/www.diannadavid.com\/wp-content\/uploads\/2020\/03\/showroom_DD-79.jpg\" data-width=\"1800\" data-height=\"1200\" aria-label=\"Dianna David Meise\" role=\"img\" ><\/div>\n\t\t\t\t\t\t\t\t\t\t\t<div class=\"elementor-gallery-item__overlay\"><\/div>\n\t\t\t\t\t\t\t\t\t\t\t\t\t\t<\/a>\n\t\t\t\t\t<\/div>\n\t\t\t\t\t<\/div>\n\t\t\t\t<\/div>\n\t\t\t\t\t<\/div>\n\t\t\t\t<\/div>\n\t\t\t\t<\/div>","protected":false},"excerpt":{"rendered":"<p>Dianna David in Meise Alle goeie dingen bestaan uit 3 Zo ook bij Dianna David. In de bruidswinkel in Meise vind je niet alleen trouwjurken, suitekledij en dameskleding, maar gaan we ook in 3 stappen op zoek naar jouw perfecte outfit.&#8212;1. LuisterenVertel ons wat je wilt en wat jouw budget is.2. KiezenKies jouw outfit in [&hellip;]<\/p>\n","protected":false},"author":2,"featured_media":0,"parent":0,"menu_order":0,"comment_status":"closed","ping_status":"closed","template":"","meta":{"_acf_changed":false,"_seopress_robots_primary_cat":"","_seopress_titles_title":"Dianna David vestiging in Meise - Dianna David","_seopress_titles_desc":"Ontdek sfeerfoto's van de Dianna David winkel in Meise en maak een afspraak voor jouw eigen pasbeurt voor die perfecte feestoutfit.","_seopress_robots_index":"","iawp_total_views":6341,"footnotes":""},"class_list":["post-3877","page","type-page","status-publish","hentry"],"acf":[],"_links":{"self":[{"href":"https:\/\/www.diannadavid.com\/fr\/wp-json\/wp\/v2\/pages\/3877","targetHints":{"allow":["GET"]}}],"collection":[{"href":"https:\/\/www.diannadavid.com\/fr\/wp-json\/wp\/v2\/pages"}],"about":[{"href":"https:\/\/www.diannadavid.com\/fr\/wp-json\/wp\/v2\/types\/page"}],"author":[{"embeddable":true,"href":"https:\/\/www.diannadavid.com\/fr\/wp-json\/wp\/v2\/users\/2"}],"replies":[{"embeddable":true,"href":"https:\/\/www.diannadavid.com\/fr\/wp-json\/wp\/v2\/comments?post=3877"}],"version-history":[{"count":0,"href":"https:\/\/www.diannadavid.com\/fr\/wp-json\/wp\/v2\/pages\/3877\/revisions"}],"wp:attachment":[{"href":"https:\/\/www.diannadavid.com\/fr\/wp-json\/wp\/v2\/media?parent=3877"}],"curies":[{"name":"wp","href":"https:\/\/api.w.org\/{rel}","templated":true}]}}