{"id":12534,"date":"2024-12-10T13:37:36","date_gmt":"2024-12-10T12:37:36","guid":{"rendered":"https:\/\/diannadavid.com.mailbox-marketing11.be\/?page_id=12534"},"modified":"2025-09-23T09:23:47","modified_gmt":"2025-09-23T07:23:47","slug":"werkwijze","status":"publish","type":"page","link":"https:\/\/www.diannadavid.com\/fr\/methode-de-travail\/","title":{"rendered":"M\u00e9thodologie"},"content":{"rendered":"<div data-elementor-type=\"wp-page\" data-elementor-id=\"12534\" class=\"elementor elementor-12534\" data-elementor-post-type=\"page\">\n\t\t\t\t<div class=\"elementor-element elementor-element-c98905a e-flex e-con-boxed e-con e-parent\" data-id=\"c98905a\" data-element_type=\"container\" data-e-type=\"container\" data-settings=\"{&quot;background_background&quot;:&quot;classic&quot;}\">\n\t\t\t\t\t<div class=\"e-con-inner\">\n\t\t\t\t<div class=\"elementor-element elementor-element-e122f0a elementor-absolute elementor-align-center elementor-widget elementor-widget-global elementor-global-12854 elementor-widget-lottie\" data-id=\"e122f0a\" data-element_type=\"widget\" data-e-type=\"widget\" data-settings=\"{&quot;source_json&quot;:{&quot;url&quot;:&quot;https:\\\/\\\/www.diannadavid.com\\\/wp-content\\\/uploads\\\/2024\\\/12\\\/arrow-down-trans.json&quot;,&quot;id&quot;:12850,&quot;size&quot;:&quot;&quot;,&quot;alt&quot;:&quot;&quot;,&quot;source&quot;:&quot;library&quot;},&quot;link_to&quot;:&quot;custom&quot;,&quot;custom_link&quot;:{&quot;url&quot;:&quot;#more&quot;,&quot;is_external&quot;:&quot;&quot;,&quot;nofollow&quot;:&quot;&quot;,&quot;custom_attributes&quot;:&quot;&quot;},&quot;loop&quot;:&quot;yes&quot;,&quot;play_speed&quot;:{&quot;unit&quot;:&quot;px&quot;,&quot;size&quot;:0.5,&quot;sizes&quot;:[]},&quot;_position&quot;:&quot;absolute&quot;,&quot;source&quot;:&quot;media_file&quot;,&quot;caption_source&quot;:&quot;none&quot;,&quot;trigger&quot;:&quot;arriving_to_viewport&quot;,&quot;viewport&quot;:{&quot;unit&quot;:&quot;%&quot;,&quot;size&quot;:&quot;&quot;,&quot;sizes&quot;:{&quot;start&quot;:0,&quot;end&quot;:100}},&quot;start_point&quot;:{&quot;unit&quot;:&quot;%&quot;,&quot;size&quot;:0,&quot;sizes&quot;:[]},&quot;end_point&quot;:{&quot;unit&quot;:&quot;%&quot;,&quot;size&quot;:100,&quot;sizes&quot;:[]},&quot;renderer&quot;:&quot;svg&quot;}\" data-widget_type=\"lottie.default\">\n\t\t\t\t<div class=\"elementor-widget-container\">\n\t\t\t\t\t<a class=\"e-lottie__container__link\" href=\"#more\"><div class=\"e-lottie__container\"><div class=\"e-lottie__animation\"><\/div><\/div><\/a>\t\t\t\t<\/div>\n\t\t\t\t<\/div>\n\t\t\t\t\t<\/div>\n\t\t\t\t<\/div>\n\t\t<div class=\"elementor-element elementor-element-0f5a973 e-flex e-con-boxed e-con e-parent\" data-id=\"0f5a973\" data-element_type=\"container\" data-e-type=\"container\">\n\t\t\t\t\t<div class=\"e-con-inner\">\n\t\t\t\t<div class=\"elementor-element elementor-element-b37f82d elementor-widget elementor-widget-menu-anchor\" data-id=\"b37f82d\" data-element_type=\"widget\" data-e-type=\"widget\" data-widget_type=\"menu-anchor.default\">\n\t\t\t\t<div class=\"elementor-widget-container\">\n\t\t\t\t\t\t\t<div class=\"elementor-menu-anchor\" id=\"more\"><\/div>\n\t\t\t\t\t\t<\/div>\n\t\t\t\t<\/div>\n\t\t\t\t\t<\/div>\n\t\t\t\t<\/div>\n\t\t<div class=\"elementor-element elementor-element-2e2ccc1 e-flex e-con-boxed e-con e-parent\" data-id=\"2e2ccc1\" data-element_type=\"container\" data-e-type=\"container\">\n\t\t\t\t\t<div class=\"e-con-inner\">\n\t\t\t\t<div class=\"elementor-element elementor-element-779fb44 elementor-widget elementor-widget-heading\" data-id=\"779fb44\" data-element_type=\"widget\" data-e-type=\"widget\" data-widget_type=\"heading.default\">\n\t\t\t\t<div class=\"elementor-widget-container\">\n\t\t\t\t\t<h1 class=\"elementor-heading-title elementor-size-default\">Comment proc\u00e9der ?<\/h1>\t\t\t\t<\/div>\n\t\t\t\t<\/div>\n\t\t\t\t<div class=\"elementor-element elementor-element-a26b61d elementor-widget elementor-widget-heading\" data-id=\"a26b61d\" data-element_type=\"widget\" data-e-type=\"widget\" data-widget_type=\"heading.default\">\n\t\t\t\t<div class=\"elementor-widget-container\">\n\t\t\t\t\t<h2 class=\"elementor-heading-title elementor-size-default\">Personnalisation \u00e9tape par \u00e9tape<\/h2>\t\t\t\t<\/div>\n\t\t\t\t<\/div>\n\t\t\t\t<div class=\"elementor-element elementor-element-68714aa elementor-widget elementor-widget-text-editor\" data-id=\"68714aa\" data-element_type=\"widget\" data-e-type=\"widget\" data-widget_type=\"text-editor.default\">\n\t\t\t\t<div class=\"elementor-widget-container\">\n\t\t\t\t\t\t\t\t\t<p>Chez nous, la robe de vos r\u00eaves commence par l'essayage. Dans notre collection d'essayage, vous trouverez chaque mod\u00e8le dans diff\u00e9rentes tailles afin que vous puissiez d\u00e9couvrir celle qui vous convient parfaitement. Ce n'est qu'ensuite que vous pourrez choisir la couleur, la dentelle et le tissu qui vous conviennent le mieux.<\/p><p>Votre tenue ou votre robe de mari\u00e9e est alors enti\u00e8rement r\u00e9alis\u00e9e sur mesure : le tissu est coup\u00e9 sp\u00e9cialement pour vous et le mod\u00e8le est cr\u00e9\u00e9 de toutes pi\u00e8ces. Chez nous, le sur-mesure est un v\u00e9ritable sur-mesure : pas d'adaptation \u00e0 un mod\u00e8le existant, mais des cr\u00e9ations sur mesure. <strong>une cr\u00e9ation enti\u00e8rement adapt\u00e9e \u00e0 vos mesures et \u00e0 vos souhaits<\/strong>.<\/p><p>Avec plus de 45 ans d'exp\u00e9rience, des tissus exclusifs de haute qualit\u00e9 et une attention particuli\u00e8re pour chaque taille - que vous soyez plus petite ou plus grande - nous offrons qualit\u00e9 et confort, pour que vous vous sentiez toujours \u00e0 l'aise. Ensemble, nous cr\u00e9ons une tenue qui vous convient parfaitement.<\/p>\t\t\t\t\t\t\t\t<\/div>\n\t\t\t\t<\/div>\n\t\t\t\t<div class=\"elementor-element elementor-element-4c2ed24 elementor-widget elementor-widget-heading\" data-id=\"4c2ed24\" data-element_type=\"widget\" data-e-type=\"widget\" data-widget_type=\"heading.default\">\n\t\t\t\t<div class=\"elementor-widget-container\">\n\t\t\t\t\t<h2 class=\"elementor-heading-title elementor-size-default\">Pratique<\/h2>\t\t\t\t<\/div>\n\t\t\t\t<\/div>\n\t\t\t\t<div class=\"elementor-element elementor-element-585ab7b elementor-widget elementor-widget-text-editor\" data-id=\"585ab7b\" data-element_type=\"widget\" data-e-type=\"widget\" data-widget_type=\"text-editor.default\">\n\t\t\t\t<div class=\"elementor-widget-container\">\n\t\t\t\t\t\t\t\t\t<p><strong>Commande \u00e0 temps :<\/strong> Comptez 6 \u00e0 12 mois, selon la p\u00e9riode. Plus vous commandez t\u00f4t, plus le choix de tissus est large.<br \/><strong>Tissus personnalis\u00e9s r\u00e9serv\u00e9s :<\/strong> Lorsque vous passez commande, nous s\u00e9parons les tissus afin que tout soit livr\u00e9 \u00e0 temps.<\/p>\t\t\t\t\t\t\t\t<\/div>\n\t\t\t\t<\/div>\n\t\t\t\t\t<\/div>\n\t\t\t\t<\/div>\n\t\t<div class=\"elementor-element elementor-element-5979d19 e-flex e-con-boxed e-con e-parent\" data-id=\"5979d19\" data-element_type=\"container\" data-e-type=\"container\">\n\t\t\t\t\t<div class=\"e-con-inner\">\n\t\t<div class=\"elementor-element elementor-element-ee2cc36 e-con-full e-flex e-con e-child\" data-id=\"ee2cc36\" data-element_type=\"container\" data-e-type=\"container\">\n\t\t\t\t<div class=\"elementor-element elementor-element-e7cac8d elementor-widget__width-inherit elementor-widget elementor-widget-heading\" data-id=\"e7cac8d\" data-element_type=\"widget\" data-e-type=\"widget\" data-widget_type=\"heading.default\">\n\t\t\t\t<div class=\"elementor-widget-container\">\n\t\t\t\t\t<h2 class=\"elementor-heading-title elementor-size-default\">M\u00e9thodologie<\/h2>\t\t\t\t<\/div>\n\t\t\t\t<\/div>\n\t\t\t\t<div class=\"elementor-element elementor-element-9e40144 elementor-widget elementor-widget-heading\" data-id=\"9e40144\" data-element_type=\"widget\" data-e-type=\"widget\" data-widget_type=\"heading.default\">\n\t\t\t\t<div class=\"elementor-widget-container\">\n\t\t\t\t\t<h3 class=\"elementor-heading-title elementor-size-default\">1. Apprendre \u00e0 se conna\u00eetre et \u00e0 s'adapter<\/h3>\t\t\t\t<\/div>\n\t\t\t\t<\/div>\n\t\t\t\t<div class=\"elementor-element elementor-element-1a28a3d elementor-widget elementor-widget-text-editor\" data-id=\"1a28a3d\" data-element_type=\"widget\" data-e-type=\"widget\" data-widget_type=\"text-editor.default\">\n\t\t\t\t<div class=\"elementor-widget-container\">\n\t\t\t\t\t\t\t\t\t<p>Au lieu de choisir sur la base d'un dessin, nous vous permettons de choisir tous les mod\u00e8les de <strong>notre collection d'accessoires<\/strong> s'adapter. Vous pourrez ainsi tout exp\u00e9rimenter avant de faire votre choix. Nous prendrons au moins deux heures pour tout examiner soigneusement avec vous.<\/p>\t\t\t\t\t\t\t\t<\/div>\n\t\t\t\t<\/div>\n\t\t\t\t<div class=\"elementor-element elementor-element-92bc3a1 elementor-widget elementor-widget-heading\" data-id=\"92bc3a1\" data-element_type=\"widget\" data-e-type=\"widget\" data-widget_type=\"heading.default\">\n\t\t\t\t<div class=\"elementor-widget-container\">\n\t\t\t\t\t<h3 class=\"elementor-heading-title elementor-size-default\">2. Adaptation et personnalisation<\/h3>\t\t\t\t<\/div>\n\t\t\t\t<\/div>\n\t\t\t\t<div class=\"elementor-element elementor-element-168a531 elementor-widget elementor-widget-text-editor\" data-id=\"168a531\" data-element_type=\"widget\" data-e-type=\"widget\" data-widget_type=\"text-editor.default\">\n\t\t\t\t<div class=\"elementor-widget-container\">\n\t\t\t\t\t\t\t\t\t<p>Chaque mod\u00e8le peut \u00eatre enti\u00e8rement personnalis\u00e9. Pensez aux manches, \u00e0 l'encolure, aux longueurs, au tissu ou \u00e0 la couleur. Votre robe ou votre tenue sera unique et con\u00e7ue sp\u00e9cialement pour vous.<\/p>\t\t\t\t\t\t\t\t<\/div>\n\t\t\t\t<\/div>\n\t\t\t\t<div class=\"elementor-element elementor-element-8b4a46e elementor-widget elementor-widget-heading\" data-id=\"8b4a46e\" data-element_type=\"widget\" data-e-type=\"widget\" data-widget_type=\"heading.default\">\n\t\t\t\t<div class=\"elementor-widget-container\">\n\t\t\t\t\t<h3 class=\"elementor-heading-title elementor-size-default\">3. Prise de mesures<\/h3>\t\t\t\t<\/div>\n\t\t\t\t<\/div>\n\t\t\t\t<div class=\"elementor-element elementor-element-89e5223 elementor-widget elementor-widget-text-editor\" data-id=\"89e5223\" data-element_type=\"widget\" data-e-type=\"widget\" data-widget_type=\"text-editor.default\">\n\t\t\t\t<div class=\"elementor-widget-container\">\n\t\t\t\t\t\t\t\t\t<p>Environ 8 \u00e0 12 semaines avant la livraison, vos mesures seront prises avec pr\u00e9cision afin de garantir un ajustement parfait.<\/p>\t\t\t\t\t\t\t\t<\/div>\n\t\t\t\t<\/div>\n\t\t\t\t<div class=\"elementor-element elementor-element-a2a7e45 elementor-widget elementor-widget-heading\" data-id=\"a2a7e45\" data-element_type=\"widget\" data-e-type=\"widget\" data-widget_type=\"heading.default\">\n\t\t\t\t<div class=\"elementor-widget-container\">\n\t\t\t\t\t<h3 class=\"elementor-heading-title elementor-size-default\">4. Montage provisoire<\/h3>\t\t\t\t<\/div>\n\t\t\t\t<\/div>\n\t\t\t\t<div class=\"elementor-element elementor-element-b32a214 elementor-widget elementor-widget-text-editor\" data-id=\"b32a214\" data-element_type=\"widget\" data-e-type=\"widget\" data-widget_type=\"text-editor.default\">\n\t\t\t\t<div class=\"elementor-widget-container\">\n\t\t\t\t\t\t\t\t\t<p>Quatre semaines apr\u00e8s la prise de vos mesures, nous fixons un premier rendez-vous pour l'essayage. Ensuite, nous mettons \u00e0 jour tous les d\u00e9tails.<\/p>\t\t\t\t\t\t\t\t<\/div>\n\t\t\t\t<\/div>\n\t\t\t\t<div class=\"elementor-element elementor-element-b4cbf02 elementor-widget elementor-widget-heading\" data-id=\"b4cbf02\" data-element_type=\"widget\" data-e-type=\"widget\" data-widget_type=\"heading.default\">\n\t\t\t\t<div class=\"elementor-widget-container\">\n\t\t\t\t\t<h3 class=\"elementor-heading-title elementor-size-default\">5. Ach\u00e8vement et passage final<\/h3>\t\t\t\t<\/div>\n\t\t\t\t<\/div>\n\t\t\t\t<div class=\"elementor-element elementor-element-890c313 elementor-widget elementor-widget-text-editor\" data-id=\"890c313\" data-element_type=\"widget\" data-e-type=\"widget\" data-widget_type=\"text-editor.default\">\n\t\t\t\t<div class=\"elementor-widget-container\">\n\t\t\t\t\t\t\t\t\t<p>Quatre semaines plus tard, votre commande est pr\u00eate. Nous veillons \u00e0 ce que tout soit parfaitement adapt\u00e9 lors d'un dernier essayage.<\/p>\t\t\t\t\t\t\t\t<\/div>\n\t\t\t\t<\/div>\n\t\t\t\t<\/div>\n\t\t<div class=\"elementor-element elementor-element-62cbbbe e-con-full e-flex e-con e-child\" data-id=\"62cbbbe\" data-element_type=\"container\" data-e-type=\"container\">\n\t\t\t\t<div class=\"elementor-element elementor-element-6f14eec elementor-widget elementor-widget-image\" data-id=\"6f14eec\" data-element_type=\"widget\" data-e-type=\"widget\" data-widget_type=\"image.default\">\n\t\t\t\t<div class=\"elementor-widget-container\">\n\t\t\t\t\t\t\t\t\t\t\t\t\t\t\t<img fetchpriority=\"high\" decoding=\"async\" width=\"683\" height=\"1024\" src=\"https:\/\/www.diannadavid.com\/wp-content\/uploads\/2024\/12\/Dianna-683x1024.jpg\" class=\"attachment-large size-large wp-image-12941\" alt=\"Dianna David Cr\u00e9atrice belge de robes de mari\u00e9e, de tenues de soir\u00e9e et de suite\" srcset=\"https:\/\/www.diannadavid.com\/wp-content\/uploads\/2024\/12\/Dianna-683x1024.jpg 683w, https:\/\/www.diannadavid.com\/wp-content\/uploads\/2024\/12\/Dianna-200x300.jpg 200w, https:\/\/www.diannadavid.com\/wp-content\/uploads\/2024\/12\/Dianna-768x1152.jpg 768w, https:\/\/www.diannadavid.com\/wp-content\/uploads\/2024\/12\/Dianna.jpg 800w\" sizes=\"(max-width: 683px) 100vw, 683px\" \/>\t\t\t\t\t\t\t\t\t\t\t\t\t\t\t<\/div>\n\t\t\t\t<\/div>\n\t\t\t\t<\/div>\n\t\t\t\t\t<\/div>\n\t\t\t\t<\/div>\n\t\t\t\t<\/div>","protected":false},"excerpt":{"rendered":"<p>Hoe gaan we te werk? Stap voor stap maatwerk Bij ons begint jouw droomjurk met passen. In onze pascollectie vind je elk model in verschillende maten, zodat je kan ontdekken welk model perfect bij jou past. Pas daarna kies je de kleur, kant en stof die jouw voorkeur hebben. Jouw outfit of trouwjurk wordt vervolgens [&hellip;]<\/p>\n","protected":false},"author":2,"featured_media":0,"parent":0,"menu_order":0,"comment_status":"closed","ping_status":"closed","template":"","meta":{"_acf_changed":false,"_seopress_robots_primary_cat":"","_seopress_titles_title":"Ontdek de werkwijze van - Dianna David","_seopress_titles_desc":"Ontdek hoe we te werk gaan bij het cre\u00ebren van maatwerk voor jouw trouwjurk of suitekledij. 100% op jouw smaak en jouw silhouette.","_seopress_robots_index":"","_seopress_analysis_target_kw":"","iawp_total_views":1806,"footnotes":""},"class_list":["post-12534","page","type-page","status-publish","hentry"],"acf":[],"_links":{"self":[{"href":"https:\/\/www.diannadavid.com\/fr\/wp-json\/wp\/v2\/pages\/12534","targetHints":{"allow":["GET"]}}],"collection":[{"href":"https:\/\/www.diannadavid.com\/fr\/wp-json\/wp\/v2\/pages"}],"about":[{"href":"https:\/\/www.diannadavid.com\/fr\/wp-json\/wp\/v2\/types\/page"}],"author":[{"embeddable":true,"href":"https:\/\/www.diannadavid.com\/fr\/wp-json\/wp\/v2\/users\/2"}],"replies":[{"embeddable":true,"href":"https:\/\/www.diannadavid.com\/fr\/wp-json\/wp\/v2\/comments?post=12534"}],"version-history":[{"count":3,"href":"https:\/\/www.diannadavid.com\/fr\/wp-json\/wp\/v2\/pages\/12534\/revisions"}],"predecessor-version":[{"id":14377,"href":"https:\/\/www.diannadavid.com\/fr\/wp-json\/wp\/v2\/pages\/12534\/revisions\/14377"}],"wp:attachment":[{"href":"https:\/\/www.diannadavid.com\/fr\/wp-json\/wp\/v2\/media?parent=12534"}],"curies":[{"name":"wp","href":"https:\/\/api.w.org\/{rel}","templated":true}]}}