{"id":10,"date":"2020-01-24T10:45:43","date_gmt":"2020-01-24T10:45:43","guid":{"rendered":"http:\/\/dianna-david.mailbox-marketing6.be\/?page_id=10"},"modified":"2026-02-02T09:13:34","modified_gmt":"2026-02-02T08:13:34","slug":"home","status":"publish","type":"page","link":"https:\/\/www.diannadavid.com\/fr\/","title":{"rendered":"Accueil"},"content":{"rendered":"<div data-elementor-type=\"wp-page\" data-elementor-id=\"10\" class=\"elementor elementor-10\" data-elementor-post-type=\"page\">\n\t\t\t\t<div class=\"elementor-element elementor-element-1da22aa e-con-full e-flex e-con e-parent\" data-id=\"1da22aa\" data-element_type=\"container\" data-e-type=\"container\">\n\t\t<div class=\"elementor-element elementor-element-3fc4840 e-con-full e-flex e-con e-child\" data-id=\"3fc4840\" data-element_type=\"container\" data-e-type=\"container\" data-settings=\"{&quot;background_background&quot;:&quot;video&quot;,&quot;background_video_link&quot;:&quot;https:\\\/\\\/www.youtube.com\\\/watch?v=3DEd4TXqKho&quot;,&quot;background_play_on_mobile&quot;:&quot;yes&quot;,&quot;background_video_start&quot;:3,&quot;background_video_end&quot;:39}\">\n\t\t<div class=\"elementor-background-video-container\">\n\t\t\t\t\t\t\t<div class=\"elementor-background-video-embed\" role=\"presentation\"><\/div>\n\t\t\t\t\t\t<\/div>\t\t<div class=\"elementor-element elementor-element-ca69e34 elementor-widget elementor-widget-heading\" data-id=\"ca69e34\" data-element_type=\"widget\" data-e-type=\"widget\" data-widget_type=\"heading.default\">\n\t\t\t\t<div class=\"elementor-widget-container\">\n\t\t\t\t\t<div class=\"elementor-heading-title elementor-size-default\">Con\u00e7u et fabriqu\u00e9<\/div>\t\t\t\t<\/div>\n\t\t\t\t<\/div>\n\t\t\t\t<div class=\"elementor-element elementor-element-31ab278 elementor-widget elementor-widget-heading\" data-id=\"31ab278\" data-element_type=\"widget\" data-e-type=\"widget\" data-widget_type=\"heading.default\">\n\t\t\t\t<div class=\"elementor-widget-container\">\n\t\t\t\t\t<div class=\"elementor-heading-title elementor-size-default\">en Belgique <em>depuis<\/em> 1982<\/div>\t\t\t\t<\/div>\n\t\t\t\t<\/div>\n\t\t\t\t<div class=\"elementor-element elementor-element-1367fdd elementor-widget__width-inherit elementor-widget elementor-widget-heading\" data-id=\"1367fdd\" data-element_type=\"widget\" data-e-type=\"widget\" data-widget_type=\"heading.default\">\n\t\t\t\t<div class=\"elementor-widget-container\">\n\t\t\t\t\t<h1 class=\"elementor-heading-title elementor-size-default\">Robes de mari\u00e9e, v\u00eatements de suite et pr\u00eat-\u00e0-porter<\/h1>\t\t\t\t<\/div>\n\t\t\t\t<\/div>\n\t\t\t\t<div class=\"elementor-element elementor-element-82a93b2 elementor-absolute elementor-align-center elementor-widget elementor-widget-global elementor-global-12854 elementor-widget-lottie\" data-id=\"82a93b2\" data-element_type=\"widget\" data-e-type=\"widget\" data-settings=\"{&quot;source_json&quot;:{&quot;url&quot;:&quot;https:\\\/\\\/www.diannadavid.com\\\/wp-content\\\/uploads\\\/2024\\\/12\\\/arrow-down-trans.json&quot;,&quot;id&quot;:12850,&quot;size&quot;:&quot;&quot;,&quot;alt&quot;:&quot;&quot;,&quot;source&quot;:&quot;library&quot;},&quot;link_to&quot;:&quot;custom&quot;,&quot;custom_link&quot;:{&quot;url&quot;:&quot;#more&quot;,&quot;is_external&quot;:&quot;&quot;,&quot;nofollow&quot;:&quot;&quot;,&quot;custom_attributes&quot;:&quot;&quot;},&quot;loop&quot;:&quot;yes&quot;,&quot;play_speed&quot;:{&quot;unit&quot;:&quot;px&quot;,&quot;size&quot;:0.5,&quot;sizes&quot;:[]},&quot;_position&quot;:&quot;absolute&quot;,&quot;source&quot;:&quot;media_file&quot;,&quot;caption_source&quot;:&quot;none&quot;,&quot;trigger&quot;:&quot;arriving_to_viewport&quot;,&quot;viewport&quot;:{&quot;unit&quot;:&quot;%&quot;,&quot;size&quot;:&quot;&quot;,&quot;sizes&quot;:{&quot;start&quot;:0,&quot;end&quot;:100}},&quot;start_point&quot;:{&quot;unit&quot;:&quot;%&quot;,&quot;size&quot;:0,&quot;sizes&quot;:[]},&quot;end_point&quot;:{&quot;unit&quot;:&quot;%&quot;,&quot;size&quot;:100,&quot;sizes&quot;:[]},&quot;renderer&quot;:&quot;svg&quot;}\" data-widget_type=\"lottie.default\">\n\t\t\t\t<div class=\"elementor-widget-container\">\n\t\t\t\t\t<a class=\"e-lottie__container__link\" href=\"#more\"><div class=\"e-lottie__container\"><div class=\"e-lottie__animation\"><\/div><\/div><\/a>\t\t\t\t<\/div>\n\t\t\t\t<\/div>\n\t\t\t\t<\/div>\n\t\t\t\t<\/div>\n\t\t<div class=\"elementor-element elementor-element-581e20c e-flex e-con-boxed e-con e-parent\" data-id=\"581e20c\" data-element_type=\"container\" data-e-type=\"container\">\n\t\t\t\t\t<div class=\"e-con-inner\">\n\t\t\t\t<div class=\"elementor-element elementor-element-e78304e elementor-widget elementor-widget-menu-anchor\" data-id=\"e78304e\" data-element_type=\"widget\" data-e-type=\"widget\" data-widget_type=\"menu-anchor.default\">\n\t\t\t\t<div class=\"elementor-widget-container\">\n\t\t\t\t\t\t\t<div class=\"elementor-menu-anchor\" id=\"more\"><\/div>\n\t\t\t\t\t\t<\/div>\n\t\t\t\t<\/div>\n\t\t\t\t\t<\/div>\n\t\t\t\t<\/div>\n\t\t<a class=\"elementor-element elementor-element-e0b2f96 e-con-full e-flex e-con e-parent\" data-id=\"e0b2f96\" data-element_type=\"container\" data-e-type=\"container\" href=\"https:\/\/www.diannadavid.com\/fr\/robes-de-mariee\/\">\n\t\t<div class=\"elementor-element elementor-element-4551995 e-con-full e-flex e-con e-child\" data-id=\"4551995\" data-element_type=\"container\" data-e-type=\"container\" data-settings=\"{&quot;background_background&quot;:&quot;classic&quot;}\">\n\t\t\t\t<div class=\"elementor-element elementor-element-6b79152 elementor-widget elementor-widget-heading\" data-id=\"6b79152\" data-element_type=\"widget\" data-e-type=\"widget\" data-widget_type=\"heading.default\">\n\t\t\t\t<div class=\"elementor-widget-container\">\n\t\t\t\t\t<h2 class=\"elementor-heading-title elementor-size-default\">Robes de mari\u00e9e<\/h2>\t\t\t\t<\/div>\n\t\t\t\t<\/div>\n\t\t\t\t<div class=\"elementor-element elementor-element-d987139 elementor-widget elementor-widget-text-editor\" data-id=\"d987139\" data-element_type=\"widget\" data-e-type=\"widget\" data-widget_type=\"text-editor.default\">\n\t\t\t\t<div class=\"elementor-widget-container\">\n\t\t\t\t\t\t\t\t\t<p>De 950 euros \u00e0 3500 euros<br \/>Personnalisation compl\u00e8te<\/p>\t\t\t\t\t\t\t\t<\/div>\n\t\t\t\t<\/div>\n\t\t\t\t<div class=\"elementor-element elementor-element-ceaefcd elementor-hidden-mobile elementor-widget elementor-widget-global elementor-global-12644 elementor-widget-spacer\" data-id=\"ceaefcd\" data-element_type=\"widget\" data-e-type=\"widget\" data-widget_type=\"spacer.default\">\n\t\t\t\t<div class=\"elementor-widget-container\">\n\t\t\t\t\t\t\t<div class=\"elementor-spacer\">\n\t\t\t<div class=\"elementor-spacer-inner\"><\/div>\n\t\t<\/div>\n\t\t\t\t\t\t<\/div>\n\t\t\t\t<\/div>\n\t\t\t\t<div class=\"elementor-element elementor-element-582bcef elementor-widget elementor-widget-heading\" data-id=\"582bcef\" data-element_type=\"widget\" data-e-type=\"widget\" data-widget_type=\"heading.default\">\n\t\t\t\t<div class=\"elementor-widget-container\">\n\t\t\t\t\t<span class=\"elementor-heading-title elementor-size-default\">Collection nuptiale<\/span>\t\t\t\t<\/div>\n\t\t\t\t<\/div>\n\t\t\t\t<\/div>\n\t\t<div class=\"elementor-element elementor-element-5837fac e-con-full e-flex e-con e-child\" data-id=\"5837fac\" data-element_type=\"container\" data-e-type=\"container\" data-settings=\"{&quot;background_background&quot;:&quot;classic&quot;}\">\n\t\t\t\t<\/div>\n\t\t\t\t<\/a>\n\t\t<a class=\"elementor-element elementor-element-6469bbd e-con-full e-flex e-con e-parent\" data-id=\"6469bbd\" data-element_type=\"container\" data-e-type=\"container\" href=\"https:\/\/www.diannadavid.com\/fr\/vetements-de-suite\/\">\n\t\t<div class=\"elementor-element elementor-element-faca078 e-con-full e-flex e-con e-child\" data-id=\"faca078\" data-element_type=\"container\" data-e-type=\"container\" data-settings=\"{&quot;background_background&quot;:&quot;classic&quot;}\">\n\t\t\t\t<div class=\"elementor-element elementor-element-0e9d0f2 elementor-widget elementor-widget-heading\" data-id=\"0e9d0f2\" data-element_type=\"widget\" data-e-type=\"widget\" data-widget_type=\"heading.default\">\n\t\t\t\t<div class=\"elementor-widget-container\">\n\t\t\t\t\t<h2 class=\"elementor-heading-title elementor-size-default\">V\u00eatements de c\u00e9r\u00e9monie<\/h2>\t\t\t\t<\/div>\n\t\t\t\t<\/div>\n\t\t\t\t<div class=\"elementor-element elementor-element-c3399a6 elementor-widget elementor-widget-text-editor\" data-id=\"c3399a6\" data-element_type=\"widget\" data-e-type=\"widget\" data-widget_type=\"text-editor.default\">\n\t\t\t\t<div class=\"elementor-widget-container\">\n\t\t\t\t\t\t\t\t\t<p>De 850 euros \u00e0 2500 euros<br \/>personnalisation compl\u00e8te<\/p>\t\t\t\t\t\t\t\t<\/div>\n\t\t\t\t<\/div>\n\t\t\t\t<div class=\"elementor-element elementor-element-23020ca elementor-hidden-mobile elementor-widget elementor-widget-global elementor-global-12644 elementor-widget-spacer\" data-id=\"23020ca\" data-element_type=\"widget\" data-e-type=\"widget\" data-widget_type=\"spacer.default\">\n\t\t\t\t<div class=\"elementor-widget-container\">\n\t\t\t\t\t\t\t<div class=\"elementor-spacer\">\n\t\t\t<div class=\"elementor-spacer-inner\"><\/div>\n\t\t<\/div>\n\t\t\t\t\t\t<\/div>\n\t\t\t\t<\/div>\n\t\t\t\t<div class=\"elementor-element elementor-element-46ddbf1 elementor-widget elementor-widget-heading\" data-id=\"46ddbf1\" data-element_type=\"widget\" data-e-type=\"widget\" data-widget_type=\"heading.default\">\n\t\t\t\t<div class=\"elementor-widget-container\">\n\t\t\t\t\t<span class=\"elementor-heading-title elementor-size-default\">COLLECTION DE CEREMONIE<\/span>\t\t\t\t<\/div>\n\t\t\t\t<\/div>\n\t\t\t\t<\/div>\n\t\t<div class=\"elementor-element elementor-element-e156d2c e-con-full e-flex e-con e-child\" data-id=\"e156d2c\" data-element_type=\"container\" data-e-type=\"container\" data-settings=\"{&quot;background_background&quot;:&quot;classic&quot;}\">\n\t\t\t\t<\/div>\n\t\t\t\t<\/a>\n\t\t<a class=\"elementor-element elementor-element-e3bd929 e-con-full e-flex e-con e-parent\" data-id=\"e3bd929\" data-element_type=\"container\" data-e-type=\"container\" href=\"https:\/\/www.diannadavid.com\/fr\/pret-a-porter\/\">\n\t\t<div class=\"elementor-element elementor-element-461778f e-con-full e-flex e-con e-child\" data-id=\"461778f\" data-element_type=\"container\" data-e-type=\"container\" data-settings=\"{&quot;background_background&quot;:&quot;classic&quot;}\">\n\t\t\t\t<div class=\"elementor-element elementor-element-c078dac elementor-widget elementor-widget-heading\" data-id=\"c078dac\" data-element_type=\"widget\" data-e-type=\"widget\" data-widget_type=\"heading.default\">\n\t\t\t\t<div class=\"elementor-widget-container\">\n\t\t\t\t\t<h2 class=\"elementor-heading-title elementor-size-default\">Pr\u00eat-\u00e0-porter \u00e9t\u00e9 2026<\/h2>\t\t\t\t<\/div>\n\t\t\t\t<\/div>\n\t\t\t\t<div class=\"elementor-element elementor-element-0680b90 elementor-widget elementor-widget-text-editor\" data-id=\"0680b90\" data-element_type=\"widget\" data-e-type=\"widget\" data-widget_type=\"text-editor.default\">\n\t\t\t\t<div class=\"elementor-widget-container\">\n\t\t\t\t\t\t\t\t\t<p>De 450 euros \u00e0 1000 euros<br \/>Collection d'\u00e9t\u00e9 2026 de Pr\u00eat-\u00e0-porter<\/p>\t\t\t\t\t\t\t\t<\/div>\n\t\t\t\t<\/div>\n\t\t\t\t<div class=\"elementor-element elementor-element-f242858 elementor-hidden-mobile elementor-widget elementor-widget-global elementor-global-12644 elementor-widget-spacer\" data-id=\"f242858\" data-element_type=\"widget\" data-e-type=\"widget\" data-widget_type=\"spacer.default\">\n\t\t\t\t<div class=\"elementor-widget-container\">\n\t\t\t\t\t\t\t<div class=\"elementor-spacer\">\n\t\t\t<div class=\"elementor-spacer-inner\"><\/div>\n\t\t<\/div>\n\t\t\t\t\t\t<\/div>\n\t\t\t\t<\/div>\n\t\t\t\t<div class=\"elementor-element elementor-element-dae0003 elementor-widget elementor-widget-heading\" data-id=\"dae0003\" data-element_type=\"widget\" data-e-type=\"widget\" data-widget_type=\"heading.default\">\n\t\t\t\t<div class=\"elementor-widget-container\">\n\t\t\t\t\t<span class=\"elementor-heading-title elementor-size-default\">Voir le pr\u00eat-\u00e0-porter<\/span>\t\t\t\t<\/div>\n\t\t\t\t<\/div>\n\t\t\t\t<\/div>\n\t\t<div class=\"elementor-element elementor-element-f950c04 e-con-full e-flex e-con e-child\" data-id=\"f950c04\" data-element_type=\"container\" data-e-type=\"container\" data-settings=\"{&quot;background_background&quot;:&quot;classic&quot;}\">\n\t\t\t\t<\/div>\n\t\t\t\t<\/a>\n\t\t<a class=\"elementor-element elementor-element-1107a30 e-con-full e-flex e-con e-parent\" data-id=\"1107a30\" data-element_type=\"container\" data-e-type=\"container\" href=\"https:\/\/www.diannadavid.com\/fr\/artisanat\/\">\n\t\t<div class=\"elementor-element elementor-element-b05c5da e-con-full e-flex e-con e-child\" data-id=\"b05c5da\" data-element_type=\"container\" data-e-type=\"container\" data-settings=\"{&quot;background_background&quot;:&quot;classic&quot;}\">\n\t\t\t\t<\/div>\n\t\t<div class=\"elementor-element elementor-element-9499129 e-con-full e-flex e-con e-child\" data-id=\"9499129\" data-element_type=\"container\" data-e-type=\"container\" data-settings=\"{&quot;background_background&quot;:&quot;classic&quot;}\">\n\t\t\t\t<div class=\"elementor-element elementor-element-601c9fc elementor-widget elementor-widget-heading\" data-id=\"601c9fc\" data-element_type=\"widget\" data-e-type=\"widget\" data-widget_type=\"heading.default\">\n\t\t\t\t<div class=\"elementor-widget-container\">\n\t\t\t\t\t<h2 class=\"elementor-heading-title elementor-size-default\">Artisanat<\/h2>\t\t\t\t<\/div>\n\t\t\t\t<\/div>\n\t\t\t\t<div class=\"elementor-element elementor-element-41a1f4b elementor-widget elementor-widget-heading\" data-id=\"41a1f4b\" data-element_type=\"widget\" data-e-type=\"widget\" data-widget_type=\"heading.default\">\n\t\t\t\t<div class=\"elementor-widget-container\">\n\t\t\t\t\t<span class=\"elementor-heading-title elementor-size-default\">45 ans d'exp\u00e9rience dans la personnalisation authentique :<\/span>\t\t\t\t<\/div>\n\t\t\t\t<\/div>\n\t\t\t\t<div class=\"elementor-element elementor-element-63557f2 elementor-widget__width-initial elementor-widget elementor-widget-text-editor\" data-id=\"63557f2\" data-element_type=\"widget\" data-e-type=\"widget\" data-widget_type=\"text-editor.default\">\n\t\t\t\t<div class=\"elementor-widget-container\">\n\t\t\t\t\t\t\t\t\t<p>De la coupe des tissus \u00e0 la cr\u00e9ation de mod\u00e8les enti\u00e8rement personnalis\u00e9s.<\/p>\t\t\t\t\t\t\t\t<\/div>\n\t\t\t\t<\/div>\n\t\t\t\t<div class=\"elementor-element elementor-element-eb9c182 elementor-hidden-mobile elementor-widget elementor-widget-global elementor-global-12644 elementor-widget-spacer\" data-id=\"eb9c182\" data-element_type=\"widget\" data-e-type=\"widget\" data-widget_type=\"spacer.default\">\n\t\t\t\t<div class=\"elementor-widget-container\">\n\t\t\t\t\t\t\t<div class=\"elementor-spacer\">\n\t\t\t<div class=\"elementor-spacer-inner\"><\/div>\n\t\t<\/div>\n\t\t\t\t\t\t<\/div>\n\t\t\t\t<\/div>\n\t\t\t\t<div class=\"elementor-element elementor-element-0228fc0 elementor-widget elementor-widget-heading\" data-id=\"0228fc0\" data-element_type=\"widget\" data-e-type=\"widget\" data-widget_type=\"heading.default\">\n\t\t\t\t<div class=\"elementor-widget-container\">\n\t\t\t\t\t<span class=\"elementor-heading-title elementor-size-default\">A propos de nous<\/span>\t\t\t\t<\/div>\n\t\t\t\t<\/div>\n\t\t\t\t<\/div>\n\t\t\t\t<\/a>\n\t\t<a class=\"elementor-element elementor-element-1998292 e-con-full e-flex e-con e-parent\" data-id=\"1998292\" data-element_type=\"container\" data-e-type=\"container\" href=\"https:\/\/www.diannadavid.com\/fr\/methode-de-travail\/\">\n\t\t<div class=\"elementor-element elementor-element-f2f9db4 e-con-full e-flex e-con e-child\" data-id=\"f2f9db4\" data-element_type=\"container\" data-e-type=\"container\" data-settings=\"{&quot;background_background&quot;:&quot;classic&quot;}\">\n\t\t\t\t<\/div>\n\t\t<div class=\"elementor-element elementor-element-a0069f6 e-con-full e-flex e-con e-child\" data-id=\"a0069f6\" data-element_type=\"container\" data-e-type=\"container\" data-settings=\"{&quot;background_background&quot;:&quot;classic&quot;}\">\n\t\t\t\t<div class=\"elementor-element elementor-element-a84e122 elementor-widget elementor-widget-heading\" data-id=\"a84e122\" data-element_type=\"widget\" data-e-type=\"widget\" data-widget_type=\"heading.default\">\n\t\t\t\t<div class=\"elementor-widget-container\">\n\t\t\t\t\t<h2 class=\"elementor-heading-title elementor-size-default\">M\u00e9thodologie<\/h2>\t\t\t\t<\/div>\n\t\t\t\t<\/div>\n\t\t\t\t<div class=\"elementor-element elementor-element-dc0b81a elementor-widget elementor-widget-heading\" data-id=\"dc0b81a\" data-element_type=\"widget\" data-e-type=\"widget\" data-widget_type=\"heading.default\">\n\t\t\t\t<div class=\"elementor-widget-container\">\n\t\t\t\t\t<span class=\"elementor-heading-title elementor-size-default\">La robe de vos r\u00eaves commence par notre collection d'essayage :<\/span>\t\t\t\t<\/div>\n\t\t\t\t<\/div>\n\t\t\t\t<div class=\"elementor-element elementor-element-4b020e7 elementor-widget__width-initial elementor-widget elementor-widget-text-editor\" data-id=\"4b020e7\" data-element_type=\"widget\" data-e-type=\"widget\" data-widget_type=\"text-editor.default\">\n\t\t\t\t<div class=\"elementor-widget-container\">\n\t\t\t\t\t\t\t\t\t<p>Essayez diff\u00e9rents mod\u00e8les et styles, puis choisissez votre couleur, votre dentelle, votre tissu, vos manches et votre encolure.<\/p>\t\t\t\t\t\t\t\t<\/div>\n\t\t\t\t<\/div>\n\t\t\t\t<div class=\"elementor-element elementor-element-d3f2ba8 elementor-hidden-mobile elementor-widget elementor-widget-global elementor-global-12644 elementor-widget-spacer\" data-id=\"d3f2ba8\" data-element_type=\"widget\" data-e-type=\"widget\" data-widget_type=\"spacer.default\">\n\t\t\t\t<div class=\"elementor-widget-container\">\n\t\t\t\t\t\t\t<div class=\"elementor-spacer\">\n\t\t\t<div class=\"elementor-spacer-inner\"><\/div>\n\t\t<\/div>\n\t\t\t\t\t\t<\/div>\n\t\t\t\t<\/div>\n\t\t\t\t<div class=\"elementor-element elementor-element-866ad83 elementor-widget elementor-widget-heading\" data-id=\"866ad83\" data-element_type=\"widget\" data-e-type=\"widget\" data-widget_type=\"heading.default\">\n\t\t\t\t<div class=\"elementor-widget-container\">\n\t\t\t\t\t<span class=\"elementor-heading-title elementor-size-default\">M\u00e9thodologie<\/span>\t\t\t\t<\/div>\n\t\t\t\t<\/div>\n\t\t\t\t<\/div>\n\t\t\t\t<\/a>\n\t\t\t\t<\/div>","protected":false},"excerpt":{"rendered":"<p>Designed &amp; Made in Belgium since 1982 Trouwjurken, Suitekledij en Pr\u00eat-\u00e0-Porter Trouwjurken Vanaf 950 euro tot 3500 euroVolledig maatwerk Bruidscollectie Suitekledij Vanaf 850 euro tot 2500 eurovolledig maatwerk SUITECOLLECTIE Pr\u00eat-\u00e0-porter zomer 2026 Vanaf 450 euro tot 1000 euroPr\u00eat-\u00e0-porter zomercollectie 2026 Bekijk pr\u00eat-\u00e0-porter Vakmanschap 45 jaar ervaring in authentiek maatwerk: Van het knippen van stoffen tot [&hellip;]<\/p>\n","protected":false},"author":2,"featured_media":0,"parent":0,"menu_order":0,"comment_status":"closed","ping_status":"closed","template":"","meta":{"_acf_changed":false,"_seopress_robots_primary_cat":"","_seopress_titles_title":"Trouwjurken, suitekledij & casual chic - Dianna David","_seopress_titles_desc":"Trouwjurken en suitekledij voor dames om te schitteren als nooit tevoren: helemaal op maat gemaakt. Maar ook pr\u00eat-\u00e0-porter avondkledij en casual chic.","_seopress_robots_index":"","iawp_total_views":42111,"footnotes":""},"class_list":["post-10","page","type-page","status-publish","hentry"],"acf":[],"_links":{"self":[{"href":"https:\/\/www.diannadavid.com\/fr\/wp-json\/wp\/v2\/pages\/10","targetHints":{"allow":["GET"]}}],"collection":[{"href":"https:\/\/www.diannadavid.com\/fr\/wp-json\/wp\/v2\/pages"}],"about":[{"href":"https:\/\/www.diannadavid.com\/fr\/wp-json\/wp\/v2\/types\/page"}],"author":[{"embeddable":true,"href":"https:\/\/www.diannadavid.com\/fr\/wp-json\/wp\/v2\/users\/2"}],"replies":[{"embeddable":true,"href":"https:\/\/www.diannadavid.com\/fr\/wp-json\/wp\/v2\/comments?post=10"}],"version-history":[{"count":3,"href":"https:\/\/www.diannadavid.com\/fr\/wp-json\/wp\/v2\/pages\/10\/revisions"}],"predecessor-version":[{"id":15149,"href":"https:\/\/www.diannadavid.com\/fr\/wp-json\/wp\/v2\/pages\/10\/revisions\/15149"}],"wp:attachment":[{"href":"https:\/\/www.diannadavid.com\/fr\/wp-json\/wp\/v2\/media?parent=10"}],"curies":[{"name":"wp","href":"https:\/\/api.w.org\/{rel}","templated":true}]}}